{"id":64,"date":"2013-08-26T21:19:20","date_gmt":"2013-08-26T21:19:20","guid":{"rendered":"http:\/\/66.147.242.183\/~lahumlas\/?page_id=64"},"modified":"2017-02-03T09:38:12","modified_gmt":"2017-02-03T08:38:12","slug":"humlenes-problemer","status":"publish","type":"page","link":"https:\/\/www.lahumlasuse.no\/gskurs\/humlenes-problemer\/","title":{"rendered":"HUMLEKURSETS M\u00c5L"},"content":{"rendered":"<p>Hovedm\u00e5l<br \/>\n\u00c5 l\u00e6re den oppvoksende slekt om humlenes egenart og deres n\u00f8kkelposisjon i lokal og global sammenheng.<\/p>\n<p>Inspirere l\u00e6rere og elever til \u00e5 tilegne seg kunnskaper og ferdigheter som kan f\u00f8re til at det blir gjort konkrete tiltak til beste for humlene.<\/p>\n<p>Delm\u00e5l<br \/>\n\u2022 Kunne artsbestemme minst fem arter av humler (dronninger).<br \/>\n\u2022 Kjenne minst tre gode humleplanter for henholdsvis v\u00e5r, forsommer og ettersommer. Inspirere skolen og<br \/>\nelevene til \u00e5 s\u00e5 og plante blomster for hele sesongen.<br \/>\n\u2022 Kunne nevne tre konkrete trusler som humlene er utsatt for.<br \/>\n\u2022 Kunne tre tiltak som hjelper humlene.<\/p>\n","protected":false},"excerpt":{"rendered":"<p>Hovedm\u00e5l \u00c5 l\u00e6re den oppvoksende slekt om humlenes egenart og deres n\u00f8kkelposisjon i lokal og global sammenheng. Inspirere l\u00e6rere og elever til \u00e5 tilegne seg kunnskaper og ferdigheter som kan f\u00f8re til at det blir gjort konkrete tiltak til beste for humlene. Delm\u00e5l \u2022&#8230;<\/p>\n","protected":false},"author":2,"featured_media":0,"parent":0,"menu_order":0,"comment_status":"closed","ping_status":"closed","template":"","meta":{"footnotes":""},"class_list":["post-64","page","type-page","status-publish","hentry"],"_links":{"self":[{"href":"https:\/\/www.lahumlasuse.no\/gskurs\/wp-json\/wp\/v2\/pages\/64","targetHints":{"allow":["GET"]}}],"collection":[{"href":"https:\/\/www.lahumlasuse.no\/gskurs\/wp-json\/wp\/v2\/pages"}],"about":[{"href":"https:\/\/www.lahumlasuse.no\/gskurs\/wp-json\/wp\/v2\/types\/page"}],"author":[{"embeddable":true,"href":"https:\/\/www.lahumlasuse.no\/gskurs\/wp-json\/wp\/v2\/users\/2"}],"replies":[{"embeddable":true,"href":"https:\/\/www.lahumlasuse.no\/gskurs\/wp-json\/wp\/v2\/comments?post=64"}],"version-history":[{"count":13,"href":"https:\/\/www.lahumlasuse.no\/gskurs\/wp-json\/wp\/v2\/pages\/64\/revisions"}],"predecessor-version":[{"id":784,"href":"https:\/\/www.lahumlasuse.no\/gskurs\/wp-json\/wp\/v2\/pages\/64\/revisions\/784"}],"wp:attachment":[{"href":"https:\/\/www.lahumlasuse.no\/gskurs\/wp-json\/wp\/v2\/media?parent=64"}],"curies":[{"name":"wp","href":"https:\/\/api.w.org\/{rel}","templated":true}]}}