{"id":412,"date":"2014-01-02T05:15:11","date_gmt":"2014-01-02T05:15:11","guid":{"rendered":"http:\/\/www.lahumlasuse.no\/?page_id=412"},"modified":"2018-02-18T16:47:09","modified_gmt":"2018-02-18T15:47:09","slug":"kursets-innhold","status":"publish","type":"page","link":"https:\/\/www.lahumlasuse.no\/gskurs\/kursets-innhold\/","title":{"rendered":"Program og faginformasjon"},"content":{"rendered":"<p>&nbsp;<\/p>\n<h2>Steder 2018<\/h2>\n<ul>\n<li>Hamar 29. mai<\/li>\n<li>Kongsberg 31. mai<\/li>\n<li>Troms\u00f8 7. juni<\/li>\n<li>Alta 11. juni<\/li>\n<li>Vads\u00f8 14. juni<\/li>\n<\/ul>\n<p><strong>For informasjon og foresp\u00f8rsler ang\u00e5ende skolekurs i 2018<\/strong> send en epost til Toril Mentzoni p\u00e5 toril@lahumlasuse.no<\/p>\n<p><strong>Pedagogisk veileder:<\/strong><\/p>\n<ul>\n<li><a href=\"http:\/\/www.lahumlasuse.no\/gskurs\/wp-content\/uploads\/2014\/01\/Humleveileder-for-mellomtrinnet-_La-Humla-Suse_17.docx\">Veileder for mellomtrinnet<\/a><\/li>\n<li><a href=\"http:\/\/www.lahumlasuse.no\/gskurs\/wp-content\/uploads\/2014\/01\/Humleveileder-for-sm\u00e5trinnet_La-Humla-Suse_17.docx\">Veileder for sm\u00e5trinnet<\/a><\/li>\n<li><a href=\"http:\/\/www.lahumlasuse.no\/gskurs\/wp-content\/uploads\/2014\/01\/Humleveilder-for-Barnehager_La-Humla-Suse_17.docx\">Veilder for barnehager<\/a><\/li>\n<\/ul>\n<p><strong>Vedlegg til veilederen:<\/strong><\/p>\n<ul>\n<li><a href=\"http:\/\/www.lahumlasuse.no\/gskurs\/wp-content\/uploads\/2014\/01\/NY-Fantasireise-dronninghumla-v\u00e5kner.pdf\" target=\"_blank\" rel=\"noopener noreferrer\">Fantasireise- dronninghumla v\u00e5kner<\/a><\/li>\n<li><a href=\"http:\/\/www.lahumlasuse.no\/wp-content\/uploads\/2014\/01\/rollespill-pollinering.docx\" target=\"_blank\" rel=\"noopener noreferrer\">Rollespill pollinering<\/a><\/li>\n<li><a href=\"http:\/\/www.lahumlasuse.no\/wp-content\/uploads\/2014\/01\/Registreringsskjema-humle.pdf\" target=\"_blank\" rel=\"noopener noreferrer\">Registreringsskjema humle<\/a><\/li>\n<li><a href=\"http:\/\/www.lahumlasuse.no\/wp-content\/uploads\/2014\/01\/Registreringsskjema-planter.pdf\" target=\"_blank\" rel=\"noopener noreferrer\">Registreringsskjema planter<\/a><\/li>\n<li><a href=\"http:\/\/www.lahumlasuse.no\/gskurs\/wp-content\/uploads\/2014\/01\/Humle_plansje.pdf\" target=\"_blank\" rel=\"noopener noreferrer\">Humleplansje med navn<\/a><\/li>\n<li><a href=\"http:\/\/www.lahumlasuse.no\/gskurs\/wp-content\/uploads\/2014\/01\/humlesertifikat.pdf\">Humlesertifikat<\/a><\/li>\n<\/ul>\n<p><a href=\"http:\/\/www.lahumlasuse.no\/wp-content\/uploads\/2013\/12\/HiRes.jpg\"><img loading=\"lazy\" decoding=\"async\" width=\"300\" height=\"273\" class=\"alignnone size-medium wp-image-513\" src=\"http:\/\/www.lahumlasuse.no\/wp-content\/uploads\/2013\/12\/HiRes-300x273.jpg\" alt=\"HiRes\" srcset=\"https:\/\/www.lahumlasuse.no\/gskurs\/wp-content\/uploads\/2013\/12\/HiRes-300x273.jpg 300w, https:\/\/www.lahumlasuse.no\/gskurs\/wp-content\/uploads\/2013\/12\/HiRes-1024x934.jpg 1024w, https:\/\/www.lahumlasuse.no\/gskurs\/wp-content\/uploads\/2013\/12\/HiRes-640x584.jpg 640w\" sizes=\"auto, (max-width: 300px) 100vw, 300px\" \/><\/a><\/p>\n","protected":false},"excerpt":{"rendered":"<p>&nbsp; Steder 2018 Hamar 29. mai Kongsberg 31. mai Troms\u00f8 7. juni Alta 11. juni Vads\u00f8 14. juni For informasjon og foresp\u00f8rsler ang\u00e5ende skolekurs i 2018 send en epost til Toril Mentzoni p\u00e5 toril@lahumlasuse.no Pedagogisk veileder: Veileder for mellomtrinnet Veileder for sm\u00e5trinnet Veilder for&#8230;<\/p>\n","protected":false},"author":1,"featured_media":0,"parent":0,"menu_order":0,"comment_status":"closed","ping_status":"closed","template":"","meta":{"footnotes":""},"class_list":["post-412","page","type-page","status-publish","hentry"],"_links":{"self":[{"href":"https:\/\/www.lahumlasuse.no\/gskurs\/wp-json\/wp\/v2\/pages\/412","targetHints":{"allow":["GET"]}}],"collection":[{"href":"https:\/\/www.lahumlasuse.no\/gskurs\/wp-json\/wp\/v2\/pages"}],"about":[{"href":"https:\/\/www.lahumlasuse.no\/gskurs\/wp-json\/wp\/v2\/types\/page"}],"author":[{"embeddable":true,"href":"https:\/\/www.lahumlasuse.no\/gskurs\/wp-json\/wp\/v2\/users\/1"}],"replies":[{"embeddable":true,"href":"https:\/\/www.lahumlasuse.no\/gskurs\/wp-json\/wp\/v2\/comments?post=412"}],"version-history":[{"count":54,"href":"https:\/\/www.lahumlasuse.no\/gskurs\/wp-json\/wp\/v2\/pages\/412\/revisions"}],"predecessor-version":[{"id":823,"href":"https:\/\/www.lahumlasuse.no\/gskurs\/wp-json\/wp\/v2\/pages\/412\/revisions\/823"}],"wp:attachment":[{"href":"https:\/\/www.lahumlasuse.no\/gskurs\/wp-json\/wp\/v2\/media?parent=412"}],"curies":[{"name":"wp","href":"https:\/\/api.w.org\/{rel}","templated":true}]}}