{"id":41,"date":"2013-08-25T22:16:16","date_gmt":"2013-08-25T22:16:16","guid":{"rendered":"http:\/\/66.147.242.183\/~lahumlas\/?page_id=41"},"modified":"2017-02-03T10:07:11","modified_gmt":"2017-02-03T09:07:11","slug":"bli-en-humlevenn","status":"publish","type":"page","link":"https:\/\/www.lahumlasuse.no\/gskurs\/bli-en-humlevenn\/","title":{"rendered":"BLI MED P\u00c5 HUMLEKURS"},"content":{"rendered":"<p><em>La Humla Suse<\/em> og SABIMA har laget et kurs om humler for l\u00e6rere. L\u00e6rerkurset er praktisk rettet med\u00a0utend\u00f8rsundervisning og utvikles i samarbeid med skoler.\u00a0<a href=\"http:\/\/www.lahumlasuse.no\/gskurs\/kursets-innhold\/\">P\u00e5 denne websiden finner du informasjon om kursplan<\/a>.<\/p>\n<p>Humlekurset er gratis. Skolen m\u00e5 imidlertid kj\u00f8pe boken <em>Steinhumle<\/em> (Synn\u00f8ve Borge og Lise Myhre, 2016) til 250 kroner. Frakt kommer i tillegg.<\/p>\n<p><a href=\"http:\/\/www.lahumlasuse.no\/wp-content\/uploads\/2013\/08\/iStock_000001130895Small.jpg\"><img loading=\"lazy\" decoding=\"async\" width=\"300\" height=\"199\" class=\"alignnone size-medium wp-image-503\" src=\"http:\/\/www.lahumlasuse.no\/wp-content\/uploads\/2013\/08\/iStock_000001130895Small-300x199.jpg\" alt=\"Bumblebee extreme macro 2\" srcset=\"https:\/\/www.lahumlasuse.no\/gskurs\/wp-content\/uploads\/2013\/08\/iStock_000001130895Small-300x199.jpg 300w, https:\/\/www.lahumlasuse.no\/gskurs\/wp-content\/uploads\/2013\/08\/iStock_000001130895Small-640x425.jpg 640w, https:\/\/www.lahumlasuse.no\/gskurs\/wp-content\/uploads\/2013\/08\/iStock_000001130895Small.jpg 849w\" sizes=\"auto, (max-width: 300px) 100vw, 300px\" \/><\/a><\/p>\n","protected":false},"excerpt":{"rendered":"<p>La Humla Suse og SABIMA har laget et kurs om humler for l\u00e6rere. L\u00e6rerkurset er praktisk rettet med\u00a0utend\u00f8rsundervisning og utvikles i samarbeid med skoler.\u00a0P\u00e5 denne websiden finner du informasjon om kursplan. Humlekurset er gratis. Skolen m\u00e5 imidlertid kj\u00f8pe boken Steinhumle (Synn\u00f8ve Borge og Lise&#8230;<\/p>\n","protected":false},"author":1,"featured_media":0,"parent":0,"menu_order":0,"comment_status":"closed","ping_status":"closed","template":"","meta":{"footnotes":""},"class_list":["post-41","page","type-page","status-publish","hentry"],"_links":{"self":[{"href":"https:\/\/www.lahumlasuse.no\/gskurs\/wp-json\/wp\/v2\/pages\/41","targetHints":{"allow":["GET"]}}],"collection":[{"href":"https:\/\/www.lahumlasuse.no\/gskurs\/wp-json\/wp\/v2\/pages"}],"about":[{"href":"https:\/\/www.lahumlasuse.no\/gskurs\/wp-json\/wp\/v2\/types\/page"}],"author":[{"embeddable":true,"href":"https:\/\/www.lahumlasuse.no\/gskurs\/wp-json\/wp\/v2\/users\/1"}],"replies":[{"embeddable":true,"href":"https:\/\/www.lahumlasuse.no\/gskurs\/wp-json\/wp\/v2\/comments?post=41"}],"version-history":[{"count":20,"href":"https:\/\/www.lahumlasuse.no\/gskurs\/wp-json\/wp\/v2\/pages\/41\/revisions"}],"predecessor-version":[{"id":796,"href":"https:\/\/www.lahumlasuse.no\/gskurs\/wp-json\/wp\/v2\/pages\/41\/revisions\/796"}],"wp:attachment":[{"href":"https:\/\/www.lahumlasuse.no\/gskurs\/wp-json\/wp\/v2\/media?parent=41"}],"curies":[{"name":"wp","href":"https:\/\/api.w.org\/{rel}","templated":true}]}}