{"id":389,"date":"2014-01-02T04:32:12","date_gmt":"2014-01-02T04:32:12","guid":{"rendered":"http:\/\/www.lahumlasuse.no\/?page_id=389"},"modified":"2017-02-03T10:05:22","modified_gmt":"2017-02-03T09:05:22","slug":"om-humlekurset","status":"publish","type":"page","link":"https:\/\/www.lahumlasuse.no\/gskurs\/om-humlekurset\/","title":{"rendered":"OM HUMLEKURSET"},"content":{"rendered":"<p><em>La Humla Suse<\/em> og SABIMA har laget et kurs om humler for fagl\u00e6rere\u00a0p\u00e5 mellomtrinnet (5.-7. \u00e5rstrinn). L\u00e6rerkurset er praktisk rettet med\u00a0utend\u00f8rsundervisning og utvikles i samarbeid med skoler.<\/p>\n<p>De beste humleekspertene i landet vil bidra med sin kunnskap. Kurset gir grunnleggende kunnskap om humlene, humlenes biologi, rolle og utfordringer. Samtidig f\u00e5r du en god pedagogisk plattform for \u00e5 undervise elevene p\u00e5 en engasjerende m\u00e5te. Inspirerende oppgaver er en del av undervisningen.<\/p>\n<p>BLI MED P\u00c5 HUMLEKURS!!!<\/p>\n<p>God pedagogikk starter n\u00e6rmest mulig barnets kropp. N\u00e5r barneh\u00e5nden ber\u00f8rer den h\u00e5rete humleryggen, settes noe i bevegelse inni barnet.<\/p>\n<p>Humler er artige, varme og viltre krabater\u2026<br \/>\n\u2026som kan vekke den viktige nysgjerrigheten,<br \/>\n\u2026som kan \u00e5pne for skrivelyst og l\u00e6relyst,<br \/>\n\u2026som kan styrke de livsviktige b\u00e5ndene mellom barn og natur.<\/p>\n<p>Humler er i en \u00f8kologisk n\u00f8kkelposisjon.<\/p>\n<p>N\u00e6r nok til at barnet kan b\u00e5de gripe og begripe noe mer av det store samspillet som alt og alle er en del av.<\/p>\n<p>P\u00e5 humlekurs<br \/>\n-l\u00e6rer du om humlenes liv<br \/>\n-l\u00e6rer du \u00e5 bestemme noen vanlige arter,<br \/>\n-l\u00e6rer du to enkle rollespill (om humledronningen og pollineringen),<br \/>\n-l\u00e6re du om humlekasser og humleplanter,<br \/>\n-f\u00e5r du tips om aktiviteter koblet til Kunst og H\u00e5ndverk,<br \/>\n-f\u00e5r du tilgang til noen gode fagtekster,<br \/>\n-f\u00e5r du forslag til bruk av lesetreningsstrategier<br \/>\n&#8211; med mer\u2026<\/p>\n<p>Humlekurset er gratis. Skolen m\u00e5 kj\u00f8pe \u201dHumler i Norge\u201d til kr 300,-<br \/>\nEllers finnes annet materiell tilgjengelig for salg; h\u00e5ver, luper og mer litteratur.<br \/>\nSelve kurset g\u00e5r over en dag. I tillegg kommer to timers forarbeid og etterarbeide.<\/p>\n<p>Kurset er gjennomarbeidet av lektorer og blir holdt av de beste humleekspertene i landet.<\/p>\n<p>Kurset er utviklet med st\u00f8tte fra <em>Den naturlige skolesekken<\/em><\/p>\n<p><a href=\"http:\/\/www.lahumlasuse.no\/wp-content\/uploads\/2013\/08\/iStock_000001130895Small.jpg\"><img loading=\"lazy\" decoding=\"async\" width=\"300\" height=\"199\" class=\"alignnone size-medium wp-image-503\" src=\"http:\/\/www.lahumlasuse.no\/wp-content\/uploads\/2013\/08\/iStock_000001130895Small-300x199.jpg\" alt=\"Bumblebee extreme macro 2\" srcset=\"https:\/\/www.lahumlasuse.no\/gskurs\/wp-content\/uploads\/2013\/08\/iStock_000001130895Small-300x199.jpg 300w, https:\/\/www.lahumlasuse.no\/gskurs\/wp-content\/uploads\/2013\/08\/iStock_000001130895Small-640x425.jpg 640w, https:\/\/www.lahumlasuse.no\/gskurs\/wp-content\/uploads\/2013\/08\/iStock_000001130895Small.jpg 849w\" sizes=\"auto, (max-width: 300px) 100vw, 300px\" \/><\/a><\/p>\n","protected":false},"excerpt":{"rendered":"<p>La Humla Suse og SABIMA har laget et kurs om humler for fagl\u00e6rere\u00a0p\u00e5 mellomtrinnet (5.-7. \u00e5rstrinn). L\u00e6rerkurset er praktisk rettet med\u00a0utend\u00f8rsundervisning og utvikles i samarbeid med skoler. De beste humleekspertene i landet vil bidra med sin kunnskap. Kurset gir grunnleggende kunnskap om humlene, humlenes&#8230;<\/p>\n","protected":false},"author":1,"featured_media":0,"parent":0,"menu_order":2,"comment_status":"closed","ping_status":"closed","template":"","meta":{"footnotes":""},"class_list":["post-389","page","type-page","status-publish","hentry"],"_links":{"self":[{"href":"https:\/\/www.lahumlasuse.no\/gskurs\/wp-json\/wp\/v2\/pages\/389","targetHints":{"allow":["GET"]}}],"collection":[{"href":"https:\/\/www.lahumlasuse.no\/gskurs\/wp-json\/wp\/v2\/pages"}],"about":[{"href":"https:\/\/www.lahumlasuse.no\/gskurs\/wp-json\/wp\/v2\/types\/page"}],"author":[{"embeddable":true,"href":"https:\/\/www.lahumlasuse.no\/gskurs\/wp-json\/wp\/v2\/users\/1"}],"replies":[{"embeddable":true,"href":"https:\/\/www.lahumlasuse.no\/gskurs\/wp-json\/wp\/v2\/comments?post=389"}],"version-history":[{"count":7,"href":"https:\/\/www.lahumlasuse.no\/gskurs\/wp-json\/wp\/v2\/pages\/389\/revisions"}],"predecessor-version":[{"id":770,"href":"https:\/\/www.lahumlasuse.no\/gskurs\/wp-json\/wp\/v2\/pages\/389\/revisions\/770"}],"wp:attachment":[{"href":"https:\/\/www.lahumlasuse.no\/gskurs\/wp-json\/wp\/v2\/media?parent=389"}],"curies":[{"name":"wp","href":"https:\/\/api.w.org\/{rel}","templated":true}]}}