{"id":344,"date":"2013-12-30T16:43:42","date_gmt":"2013-12-30T16:43:42","guid":{"rendered":"http:\/\/www.lahumlasuse.no\/?page_id=344"},"modified":"2014-01-16T13:37:19","modified_gmt":"2014-01-16T12:37:19","slug":"den-naturlige-skolesekken","status":"publish","type":"page","link":"https:\/\/www.lahumlasuse.no\/gskurs\/humlenes-verden\/den-naturlige-skolesekken\/","title":{"rendered":"Den Naturlige Skolesekken"},"content":{"rendered":"<p><a href=\"http:\/\/www.natursekken.no\"><em>Den naturlige skolesekken<\/em><\/a> er et samarbeid mellom Kunnskapsdepartementet og Klima- og milj\u00f8departementet, og er en nasjonal satsing som skal fremme undervisning og kunnskap for en felles framtid.\u00a0Utdanningsdirektoratet og Milj\u00f8direktoratet er ansvarlige for Den naturlige skolesekken at Naturfagsenteret er sekretariat og ansvarlige for den daglige driften.<\/p>\n<p>Den naturlige skolesekken skal bidra til \u00e5 utvikle nysgjerrighet og kunnskap om natur og samfunn, bevissthet om b\u00e6rekraftig utvikling og \u00f8kt milj\u00f8engasjement hos elever og l\u00e6rere i grunnoppl\u00e6ringen.<\/p>\n<p>Hvert \u00e5r kan skoler og eksterne akt\u00f8rer (f.eks NGO) s\u00f8ke om tilskuddsmidler til prosjekter der skoler og eksterne akt\u00f8rer samarbeider om \u00e5 utarbeide opplegg som bidrar til at skoler tar i bruk l\u00e6ringsarenaer i n\u00e6romr\u00e5det. Naturfagsenteret forvalter tilskuddsordningen for skolene, mens Milj\u00f8direktoratet forvalter ordningen for eksterne akt\u00f8rer.<\/p>\n<p>Den naturlige skolesekken arrangerer \u00e5rlige nasjonale og regionale kurs og konferanser som skal bidra til \u00e5 sette de neste generasjoner i stand til \u00e5 forst\u00e5 og bidra til l\u00f8sninger p\u00e5 dagens og framtidas milj\u00f8problemer.<\/p>\n<p>Den naturlige skolesekken st\u00f8tter La Humla Suse og SABIMA og v\u00e5rt fellesprosjekt for utvikling og gjennomf\u00f8ring av Humlekurset.<\/p>\n","protected":false},"excerpt":{"rendered":"<p>Den naturlige skolesekken er et samarbeid mellom Kunnskapsdepartementet og Klima- og milj\u00f8departementet, og er en nasjonal satsing som skal fremme undervisning og kunnskap for en felles framtid.\u00a0Utdanningsdirektoratet og Milj\u00f8direktoratet er ansvarlige for Den naturlige skolesekken at Naturfagsenteret er sekretariat og ansvarlige for den daglige&#8230;<\/p>\n","protected":false},"author":1,"featured_media":0,"parent":23,"menu_order":0,"comment_status":"closed","ping_status":"closed","template":"","meta":{"footnotes":""},"class_list":["post-344","page","type-page","status-publish","hentry"],"_links":{"self":[{"href":"https:\/\/www.lahumlasuse.no\/gskurs\/wp-json\/wp\/v2\/pages\/344","targetHints":{"allow":["GET"]}}],"collection":[{"href":"https:\/\/www.lahumlasuse.no\/gskurs\/wp-json\/wp\/v2\/pages"}],"about":[{"href":"https:\/\/www.lahumlasuse.no\/gskurs\/wp-json\/wp\/v2\/types\/page"}],"author":[{"embeddable":true,"href":"https:\/\/www.lahumlasuse.no\/gskurs\/wp-json\/wp\/v2\/users\/1"}],"replies":[{"embeddable":true,"href":"https:\/\/www.lahumlasuse.no\/gskurs\/wp-json\/wp\/v2\/comments?post=344"}],"version-history":[{"count":6,"href":"https:\/\/www.lahumlasuse.no\/gskurs\/wp-json\/wp\/v2\/pages\/344\/revisions"}],"predecessor-version":[{"id":492,"href":"https:\/\/www.lahumlasuse.no\/gskurs\/wp-json\/wp\/v2\/pages\/344\/revisions\/492"}],"up":[{"embeddable":true,"href":"https:\/\/www.lahumlasuse.no\/gskurs\/wp-json\/wp\/v2\/pages\/23"}],"wp:attachment":[{"href":"https:\/\/www.lahumlasuse.no\/gskurs\/wp-json\/wp\/v2\/media?parent=344"}],"curies":[{"name":"wp","href":"https:\/\/api.w.org\/{rel}","templated":true}]}}